{"id":7882,"date":"2022-03-28T15:03:11","date_gmt":"2022-03-28T20:03:11","guid":{"rendered":"https:\/\/fundacioncarcafe.aicode-test.art\/?page_id=7882"},"modified":"2022-03-28T15:03:57","modified_gmt":"2022-03-28T20:03:57","slug":"terminos-nuestra-labor","status":"publish","type":"page","link":"https:\/\/fundacioncarcafe.co\/en\/terminos-nuestra-labor\/","title":{"rendered":"T\u00e9rminos y condiciones"},"content":{"rendered":"<p style=\"text-align: justify;\">Conforme a las obligaciones impuestas por la Ley 1581 de 2012 y el Decreto 1377 de 2013 para el tratamiento de datos personales, reconozco que la informaci\u00f3n proporcionada en el presente documento puede contener datos personales, y por lo tanto, autorizo el tratamiento de dicha informaci\u00f3n por parte de Fundaci\u00f3n Carcafe\/Carcafe para incluirlo en sus bases de datos y para adelantar todos los tr\u00e1mites asociados a los procesos de cadena de custodia y sostenibilidad marcados anteriormente.<\/p>\n\n\n\n<p style=\"text-align: justify;\">En funci\u00f3n de esos tr\u00e1mites, la informaci\u00f3n contenida en este documento podr\u00e1 ser entregada a los entes verificadores, certificadores y\/o compradores de caf\u00e9 que se vinculen a los mismos procesos de sostenibilidad recibiendo el producto.<\/p>\n\n\n\n<p style=\"text-align: justify;\">Reconozco que, con ocasi\u00f3n de la presente recolecci\u00f3n de datos, he sido informado por Fundaci\u00f3n Carcafe\/Carcafe sobre mis derechos como titular de la informaci\u00f3n, los cuales consisten en: (i) conocer, actualizar y rectificar mis datos personales; (ii) solicitar copia de la presente autorizaci\u00f3n; (iii) ser informado del uso que se le dar\u00e1 a mis datos personales; (iv) presentar quejas ante Fundaci\u00f3n Carcafe\/Carcafe y ante la Superintendencia de Industria y Comercio; (v) revocar la presente autorizaci\u00f3n; (vi) solicitar la supresi\u00f3n de mis datos personales; (vii) acceder de forma gratuita a mis datos personales. <\/p>\n\n\n\n<p style=\"text-align: justify;\">As\u00ed mismo, he sido informado que la pol\u00edtica de tratamiento de datos personales de Fundaci\u00f3n Carcafe\/Carcafe est\u00e1 disponible en la p\u00e1gina web www.carcafe.com.co y publicado en los puntos de compra y trilladoras; y que han dispuesto el correo electr\u00f3nico protecciondedatos@carcafe.com.co para la atenci\u00f3n de requerimientos relacionados con el tratamiento de mis datos personales y el ejercicio de los derechos mencionados en esta autorizaci\u00f3n.<\/p>\n\n\n\n<p style=\"text-align: justify;\">La informaci\u00f3n suministrada a Fundaci\u00f3n Carcafe\/Carcafe ha sido de forma voluntaria y es ver\u00eddica.<\/p>","protected":false},"excerpt":{"rendered":"<p>Conforme a las obligaciones impuestas por la Ley 1581 de 2012 y el Decreto 1377 de 2013 para el tratamiento<\/p>","protected":false},"author":1,"featured_media":0,"parent":0,"menu_order":0,"comment_status":"closed","ping_status":"open","template":"","meta":{"wp_popup_display_lightbox":0,"wp_popup_suppress":"","wp_popup_trigger":"","wp_popup_trigger_amount":0,"wp_popup_disable_on_mobile":false,"footnotes":""},"class_list":["post-7882","page","type-page","status-publish","hentry"],"_links":{"self":[{"href":"https:\/\/fundacioncarcafe.co\/en\/wp-json\/wp\/v2\/pages\/7882","targetHints":{"allow":["GET"]}}],"collection":[{"href":"https:\/\/fundacioncarcafe.co\/en\/wp-json\/wp\/v2\/pages"}],"about":[{"href":"https:\/\/fundacioncarcafe.co\/en\/wp-json\/wp\/v2\/types\/page"}],"author":[{"embeddable":true,"href":"https:\/\/fundacioncarcafe.co\/en\/wp-json\/wp\/v2\/users\/1"}],"replies":[{"embeddable":true,"href":"https:\/\/fundacioncarcafe.co\/en\/wp-json\/wp\/v2\/comments?post=7882"}],"version-history":[{"count":1,"href":"https:\/\/fundacioncarcafe.co\/en\/wp-json\/wp\/v2\/pages\/7882\/revisions"}],"predecessor-version":[{"id":7883,"href":"https:\/\/fundacioncarcafe.co\/en\/wp-json\/wp\/v2\/pages\/7882\/revisions\/7883"}],"wp:attachment":[{"href":"https:\/\/fundacioncarcafe.co\/en\/wp-json\/wp\/v2\/media?parent=7882"}],"curies":[{"name":"wp","href":"https:\/\/api.w.org\/{rel}","templated":true}]}}